{"id":1471,"date":"2024-09-12T18:57:58","date_gmt":"2024-09-12T18:57:58","guid":{"rendered":"https:\/\/innovatecnm2024.voaxaca.tecnm.mx\/?page_id=1471"},"modified":"2024-09-12T18:57:58","modified_gmt":"2024-09-12T18:57:58","slug":"jurado-hackatecnm","status":"publish","type":"page","link":"https:\/\/innovatecnm2024.voaxaca.tecnm.mx\/index.php\/jurado-hackatecnm\/","title":{"rendered":"Jurado HackatecNM"},"content":{"rendered":"\n<div class=\"wp-block-uagb-image aligncenter uagb-block-0fb19dc5 wp-block-uagb-image--layout-default wp-block-uagb-image--effect-static wp-block-uagb-image--align-center\"><figure class=\"wp-block-uagb-image__figure\"><img decoding=\"async\" srcset=\"https:\/\/gtyv.voaxaca.tecnm.mx\/wp-content\/uploads\/2024\/06\/it-valle-oaxaca.png ,https:\/\/gtyv.voaxaca.tecnm.mx\/wp-content\/uploads\/2024\/06\/it-valle-oaxaca.png 780w, https:\/\/gtyv.voaxaca.tecnm.mx\/wp-content\/uploads\/2024\/06\/it-valle-oaxaca.png 360w\" sizes=\"auto, (max-width: 480px) 150px\" src=\"https:\/\/gtyv.voaxaca.tecnm.mx\/wp-content\/uploads\/2024\/06\/it-valle-oaxaca.png\" alt=\"\" class=\"uag-image-1465\" width=\"200\" height=\"200\" title=\"it valle oaxaca\" loading=\"lazy\" role=\"img\"\/><\/figure><\/div>\n\n\n\n<div class=\"wp-block-uagb-advanced-heading uagb-block-75e4d25b\"><h2 class=\"uagb-heading-text\"><strong>Cumbre Nacional de Desarrollo Tecnol\u00f3gico, Emprendimiento e Innovaci\u00f3n, InnovaTecNM 2024<\/strong><br><strong>&nbsp;<\/strong><br><strong>Etapa Regional, Regi\u00f3n 5<\/strong><br><strong>Sede: Instituto Tecnol\u00f3gico del Valle de Oaxaca<\/strong><\/h2><\/div>\n\n\n\n<div class=\"wp-block-uagb-advanced-heading uagb-block-f30d4ad5\"><h2 class=\"uagb-heading-text\">Programa Jurados HackatecNM 2024<\/h2><\/div>\n\n\n\n<div class=\"wp-block-uagb-advanced-heading uagb-block-f2c06997\"><h2 class=\"uagb-heading-text\">Martes<\/h2><\/div>\n\n\n\n<div class=\"wp-block-uagb-advanced-heading uagb-block-07e64df8\"><h2 class=\"uagb-heading-text\">10\/ 09\/ 2024<\/h2><\/div>\n\n\n\n<div class=\"wp-block-uagb-container uagb-block-8db879a8 alignfull uagb-is-root-container\"><div class=\"uagb-container-inner-blocks-wrap\">\n<div class=\"wp-block-uagb-content-timeline uagb-timeline__outer-wrap uagb-block-cef197a9 uagb-timeline__content-wrap uagb-timeline__left-block uagb-timeline__arrow-center  uagb-timeline\">\n<article class=\"wp-block-uagb-content-timeline-child uagb-timeline__field uagb-timeline-child-82dd913e uagb-timeline__left\"><div class=\"uagb-timeline__marker out-view-uagb-timeline__icon\"><svg xmlns=\"https:\/\/www.w3.org\/2000\/svg\" viewBox=\"0 0 512 512\"><path d=\"M256 512C114.6 512 0 397.4 0 256C0 114.6 114.6 0 256 0C397.4 0 512 114.6 512 256C512 397.4 397.4 512 256 512zM232 256C232 264 236 271.5 242.7 275.1L338.7 339.1C349.7 347.3 364.6 344.3 371.1 333.3C379.3 322.3 376.3 307.4 365.3 300L280 243.2V120C280 106.7 269.3 96 255.1 96C242.7 96 231.1 106.7 231.1 120L232 256z\"><\/path><\/svg><\/div><div class=\"uagb-timeline__day-new uagb-timeline__day-left uagb-timeline__events-inner-new\"><div class=\"uagb-timeline__events-inner--content\"><div class=\"uagb-timeline__date-hide uagb-timeline__inner-date-new\">Septiembre 10, 2024<\/div><h4 class=\"uagb-timeline__heading\">Horario: 12:00-14:00  <br>Reuni\u00f3n de capacitaci\u00f3n para el Equipo Jurado<\/h4><p class=\"uagb-timeline-desc-content\">Virtual<\/p><div class=\"uagb-timeline__arrow\"><\/div><\/div><\/div><div class=\"uagb-timeline__date-new\">Septiembre 10, 2024<\/div><\/article>\n<div class=\"uagb-timeline__line\"><div class=\"uagb-timeline__line__inner\"><\/div><\/div><\/div>\n<\/div><\/div>\n\n\n\n<div class=\"wp-block-uagb-advanced-heading uagb-block-12498a08\"><h2 class=\"uagb-heading-text\">Mi\u00e9rcoles<\/h2><\/div>\n\n\n\n<div class=\"wp-block-uagb-advanced-heading uagb-block-eb22077a\"><h2 class=\"uagb-heading-text\">11\/ 09\/ 2024<\/h2><\/div>\n\n\n\n<div class=\"wp-block-uagb-container uagb-block-63c757b8 alignfull uagb-is-root-container\"><div class=\"uagb-container-inner-blocks-wrap\">\n<div class=\"wp-block-uagb-content-timeline uagb-timeline__outer-wrap uagb-block-7a6841cb uagb-timeline__content-wrap uagb-timeline__left-block uagb-timeline__arrow-center  uagb-timeline\">\n<article class=\"wp-block-uagb-content-timeline-child uagb-timeline__field uagb-timeline-child-63652a85 uagb-timeline__left\"><div class=\"uagb-timeline__marker out-view-uagb-timeline__icon\"><svg xmlns=\"https:\/\/www.w3.org\/2000\/svg\" viewBox=\"0 0 512 512\"><path d=\"M256 512C114.6 512 0 397.4 0 256C0 114.6 114.6 0 256 0C397.4 0 512 114.6 512 256C512 397.4 397.4 512 256 512zM232 256C232 264 236 271.5 242.7 275.1L338.7 339.1C349.7 347.3 364.6 344.3 371.1 333.3C379.3 322.3 376.3 307.4 365.3 300L280 243.2V120C280 106.7 269.3 96 255.1 96C242.7 96 231.1 106.7 231.1 120L232 256z\"><\/path><\/svg><\/div><div class=\"uagb-timeline__day-new uagb-timeline__day-left uagb-timeline__events-inner-new\"><div class=\"uagb-timeline__events-inner--content\"><div class=\"uagb-timeline__date-hide uagb-timeline__inner-date-new\">Septiembre 11, 2024<\/div><h4 class=\"uagb-timeline__heading\">Horario: 10:00-11:00  <br>Ceremonia de inauguraci\u00f3n y corte de list\u00f3n<\/h4><p class=\"uagb-timeline-desc-content\">Lugar<br>Explanada principal (opcional)<\/p><div class=\"uagb-timeline__arrow\"><\/div><\/div><\/div><div class=\"uagb-timeline__date-new\">Septiembre 11, 2024<\/div><\/article>\n\n\n\n<article class=\"wp-block-uagb-content-timeline-child uagb-timeline__field uagb-timeline-child-22dccc75 uagb-timeline__left\"><div class=\"uagb-timeline__marker out-view-uagb-timeline__icon\"><svg xmlns=\"https:\/\/www.w3.org\/2000\/svg\" viewBox=\"0 0 512 512\"><path d=\"M256 512C114.6 512 0 397.4 0 256C0 114.6 114.6 0 256 0C397.4 0 512 114.6 512 256C512 397.4 397.4 512 256 512zM232 256C232 264 236 271.5 242.7 275.1L338.7 339.1C349.7 347.3 364.6 344.3 371.1 333.3C379.3 322.3 376.3 307.4 365.3 300L280 243.2V120C280 106.7 269.3 96 255.1 96C242.7 96 231.1 106.7 231.1 120L232 256z\"><\/path><\/svg><\/div><div class=\"uagb-timeline__day-new uagb-timeline__day-left uagb-timeline__events-inner-new\"><div class=\"uagb-timeline__events-inner--content\"><div class=\"uagb-timeline__date-hide uagb-timeline__inner-date-new\">Septiembre 11, 2024<\/div><h4 class=\"uagb-timeline__heading\">Horario: 11:00-12:00  <br>Recorrido de las autoridades e invitados especiales por los stands<\/h4><p class=\"uagb-timeline-desc-content\">Lugar<br>Explanada principal (Opcional)<\/p><div class=\"uagb-timeline__arrow\"><\/div><\/div><\/div><div class=\"uagb-timeline__date-new\">Septiembre 11, 2024<\/div><\/article>\n<div class=\"uagb-timeline__line\"><div class=\"uagb-timeline__line__inner\"><\/div><\/div><\/div>\n<\/div><\/div>\n\n\n\n<div class=\"wp-block-uagb-advanced-heading uagb-block-9d9d2ae8\"><h2 class=\"uagb-heading-text\">Jueves<\/h2><\/div>\n\n\n\n<div class=\"wp-block-uagb-advanced-heading uagb-block-4c787ab7\"><h2 class=\"uagb-heading-text\">12\/ 09\/ 2024<\/h2><\/div>\n\n\n\n<div class=\"wp-block-uagb-container uagb-block-fb05a9c4 alignfull uagb-is-root-container\"><div class=\"uagb-container-inner-blocks-wrap\">\n<div class=\"wp-block-uagb-content-timeline uagb-timeline__outer-wrap uagb-block-341bce33 uagb-timeline__content-wrap uagb-timeline__left-block uagb-timeline__arrow-center  uagb-timeline\">\n<article class=\"wp-block-uagb-content-timeline-child uagb-timeline__field uagb-timeline-child-7160c1ed uagb-timeline__left\"><div class=\"uagb-timeline__marker out-view-uagb-timeline__icon\"><svg xmlns=\"https:\/\/www.w3.org\/2000\/svg\" viewBox=\"0 0 512 512\"><path d=\"M256 512C114.6 512 0 397.4 0 256C0 114.6 114.6 0 256 0C397.4 0 512 114.6 512 256C512 397.4 397.4 512 256 512zM232 256C232 264 236 271.5 242.7 275.1L338.7 339.1C349.7 347.3 364.6 344.3 371.1 333.3C379.3 322.3 376.3 307.4 365.3 300L280 243.2V120C280 106.7 269.3 96 255.1 96C242.7 96 231.1 106.7 231.1 120L232 256z\"><\/path><\/svg><\/div><div class=\"uagb-timeline__day-new uagb-timeline__day-left uagb-timeline__events-inner-new\"><div class=\"uagb-timeline__events-inner--content\"><div class=\"uagb-timeline__date-hide uagb-timeline__inner-date-new\">Septiembre 12, 2024<\/div><h4 class=\"uagb-timeline__heading\">Horario: 15:30-16:00  <br>Reuni\u00f3n de capacitaci\u00f3n para el Jurado Externo<\/h4><p class=\"uagb-timeline-desc-content\">Lugar<br>Sala de Juntas de GTyV<\/p><div class=\"uagb-timeline__arrow\"><\/div><\/div><\/div><div class=\"uagb-timeline__date-new\">Septiembre 12, 2024<\/div><\/article>\n\n\n\n<article class=\"wp-block-uagb-content-timeline-child uagb-timeline__field uagb-timeline-child-16c93c10 uagb-timeline__left\"><div class=\"uagb-timeline__marker out-view-uagb-timeline__icon\"><svg xmlns=\"https:\/\/www.w3.org\/2000\/svg\" viewBox=\"0 0 512 512\"><path d=\"M256 512C114.6 512 0 397.4 0 256C0 114.6 114.6 0 256 0C397.4 0 512 114.6 512 256C512 397.4 397.4 512 256 512zM232 256C232 264 236 271.5 242.7 275.1L338.7 339.1C349.7 347.3 364.6 344.3 371.1 333.3C379.3 322.3 376.3 307.4 365.3 300L280 243.2V120C280 106.7 269.3 96 255.1 96C242.7 96 231.1 106.7 231.1 120L232 256z\"><\/path><\/svg><\/div><div class=\"uagb-timeline__day-new uagb-timeline__day-left uagb-timeline__events-inner-new\"><div class=\"uagb-timeline__events-inner--content\"><div class=\"uagb-timeline__date-hide uagb-timeline__inner-date-new\">Septiembre 12, 2024<\/div><h4 class=\"uagb-timeline__heading\">Horario: 17:00-20:00  <br>Evaluaciones presenciales HackatecNM<\/h4><p class=\"uagb-timeline-desc-content\">Lugar<br>Salas HackatecNM<\/p><div class=\"uagb-timeline__arrow\"><\/div><\/div><\/div><div class=\"uagb-timeline__date-new\">Septiembre 12, 2024<\/div><\/article>\n<div class=\"uagb-timeline__line\"><div class=\"uagb-timeline__line__inner\"><\/div><\/div><\/div>\n<\/div><\/div>\n\n\n\n<div class=\"wp-block-uagb-advanced-heading uagb-block-986249df\"><h2 class=\"uagb-heading-text\">Viernes<\/h2><\/div>\n\n\n\n<div class=\"wp-block-uagb-advanced-heading uagb-block-5e2eed83\"><h2 class=\"uagb-heading-text\">13\/ 09\/ 2024<\/h2><\/div>\n\n\n\n<div class=\"wp-block-uagb-container uagb-block-9aa12c43 alignfull uagb-is-root-container\"><div class=\"uagb-container-inner-blocks-wrap\">\n<div class=\"wp-block-uagb-content-timeline uagb-timeline__outer-wrap uagb-block-bde06fc4 uagb-timeline__content-wrap uagb-timeline__left-block uagb-timeline__arrow-center  uagb-timeline\">\n<article class=\"wp-block-uagb-content-timeline-child uagb-timeline__field uagb-timeline-child-b8deea59 uagb-timeline__left\"><div class=\"uagb-timeline__marker out-view-uagb-timeline__icon\"><svg xmlns=\"https:\/\/www.w3.org\/2000\/svg\" viewBox=\"0 0 512 512\"><path d=\"M256 512C114.6 512 0 397.4 0 256C0 114.6 114.6 0 256 0C397.4 0 512 114.6 512 256C512 397.4 397.4 512 256 512zM232 256C232 264 236 271.5 242.7 275.1L338.7 339.1C349.7 347.3 364.6 344.3 371.1 333.3C379.3 322.3 376.3 307.4 365.3 300L280 243.2V120C280 106.7 269.3 96 255.1 96C242.7 96 231.1 106.7 231.1 120L232 256z\"><\/path><\/svg><\/div><div class=\"uagb-timeline__day-new uagb-timeline__day-left uagb-timeline__events-inner-new\"><div class=\"uagb-timeline__events-inner--content\"><div class=\"uagb-timeline__date-hide uagb-timeline__inner-date-new\">Septiembre 13, 2024<\/div><h4 class=\"uagb-timeline__heading\">Horario: 10:30-12:30  <br>Ceremonia de premiaci\u00f3n y clausura<\/h4><p class=\"uagb-timeline-desc-content\">Lugar<br>Explanada principal<\/p><div class=\"uagb-timeline__arrow\"><\/div><\/div><\/div><div class=\"uagb-timeline__date-new\">Septiembre 13, 2024<\/div><\/article>\n\n\n\n<article class=\"wp-block-uagb-content-timeline-child uagb-timeline__field uagb-timeline-child-4735023a uagb-timeline__left\"><div class=\"uagb-timeline__marker out-view-uagb-timeline__icon\"><svg xmlns=\"https:\/\/www.w3.org\/2000\/svg\" viewBox=\"0 0 512 512\"><path d=\"M256 512C114.6 512 0 397.4 0 256C0 114.6 114.6 0 256 0C397.4 0 512 114.6 512 256C512 397.4 397.4 512 256 512zM232 256C232 264 236 271.5 242.7 275.1L338.7 339.1C349.7 347.3 364.6 344.3 371.1 333.3C379.3 322.3 376.3 307.4 365.3 300L280 243.2V120C280 106.7 269.3 96 255.1 96C242.7 96 231.1 106.7 231.1 120L232 256z\"><\/path><\/svg><\/div><div class=\"uagb-timeline__day-new uagb-timeline__day-left uagb-timeline__events-inner-new\"><div class=\"uagb-timeline__events-inner--content\"><div class=\"uagb-timeline__date-hide uagb-timeline__inner-date-new\">Septiembre 13, 2024<\/div><h4 class=\"uagb-timeline__heading\">Horario: 12:30-13:00  <br>Entrega de constancias por participaci\u00f3n como jurado calificador<\/h4><p class=\"uagb-timeline-desc-content\">Lugar<br>Oficina de Subdirecci\u00f3n de Planeaci\u00f3n y Vinculaci\u00f3n (opcional)<\/p><div class=\"uagb-timeline__arrow\"><\/div><\/div><\/div><div class=\"uagb-timeline__date-new\">Septiembre 13, 2024<\/div><\/article>\n<div class=\"uagb-timeline__line\"><div class=\"uagb-timeline__line__inner\"><\/div><\/div><\/div>\n<\/div><\/div>\n","protected":false},"excerpt":{"rendered":"<p>Cumbre Nacional de Desarrollo Tecnol\u00f3gico, Emprendimiento e Innovaci\u00f3n, InnovaTecNM 2024&nbsp;Etapa Regional, Regi\u00f3n 5Sede: Instituto Tecnol\u00f3gico del Valle de Oaxaca Programa Jurados HackatecNM 2024 Martes 10\/ 09\/ 2024 Mi\u00e9rcoles 11\/ 09\/ [&hellip;]<\/p>\n","protected":false},"author":1,"featured_media":0,"parent":0,"menu_order":0,"comment_status":"closed","ping_status":"closed","template":"template-fullwidth.php","meta":{"_uag_custom_page_level_css":"","footnotes":""},"class_list":["post-1471","page","type-page","status-publish","hentry"],"uagb_featured_image_src":{"full":false,"thumbnail":false,"medium":false,"medium_large":false,"large":false,"1536x1536":false,"2048x2048":false,"post-thumbnail":false,"merlin-thumbnail-small":false,"merlin-header-image":false,"merlin-slider-image":false,"merlin-category-posts-widget-small":false,"merlin-category-posts-widget-medium":false,"merlin-category-posts-widget-large":false,"tzwb-thumbnail":false,"themezee-related-posts":false},"uagb_author_info":{"display_name":"admin","author_link":"https:\/\/innovatecnm2024.voaxaca.tecnm.mx\/index.php\/author\/adminis\/"},"uagb_comment_info":0,"uagb_excerpt":"Cumbre Nacional de Desarrollo Tecnol\u00f3gico, Emprendimiento e Innovaci\u00f3n, InnovaTecNM 2024&nbsp;Etapa Regional, Regi\u00f3n 5Sede: Instituto Tecnol\u00f3gico del Valle de Oaxaca Programa Jurados HackatecNM 2024 Martes 10\/ 09\/ 2024 Mi\u00e9rcoles 11\/ 09\/ [&hellip;]","_links":{"self":[{"href":"https:\/\/innovatecnm2024.voaxaca.tecnm.mx\/index.php\/wp-json\/wp\/v2\/pages\/1471","targetHints":{"allow":["GET"]}}],"collection":[{"href":"https:\/\/innovatecnm2024.voaxaca.tecnm.mx\/index.php\/wp-json\/wp\/v2\/pages"}],"about":[{"href":"https:\/\/innovatecnm2024.voaxaca.tecnm.mx\/index.php\/wp-json\/wp\/v2\/types\/page"}],"author":[{"embeddable":true,"href":"https:\/\/innovatecnm2024.voaxaca.tecnm.mx\/index.php\/wp-json\/wp\/v2\/users\/1"}],"replies":[{"embeddable":true,"href":"https:\/\/innovatecnm2024.voaxaca.tecnm.mx\/index.php\/wp-json\/wp\/v2\/comments?post=1471"}],"version-history":[{"count":5,"href":"https:\/\/innovatecnm2024.voaxaca.tecnm.mx\/index.php\/wp-json\/wp\/v2\/pages\/1471\/revisions"}],"predecessor-version":[{"id":1781,"href":"https:\/\/innovatecnm2024.voaxaca.tecnm.mx\/index.php\/wp-json\/wp\/v2\/pages\/1471\/revisions\/1781"}],"wp:attachment":[{"href":"https:\/\/innovatecnm2024.voaxaca.tecnm.mx\/index.php\/wp-json\/wp\/v2\/media?parent=1471"}],"curies":[{"name":"wp","href":"https:\/\/api.w.org\/{rel}","templated":true}]}}